{"id":2400,"date":"2025-12-08T14:40:18","date_gmt":"2025-12-08T11:40:18","guid":{"rendered":"https:\/\/t\u00fcrkoloji.com\/?page_id=2400"},"modified":"2025-12-08T15:12:04","modified_gmt":"2025-12-08T12:12:04","slug":"site-kurulu","status":"publish","type":"page","link":"https:\/\/t\u00fcrkoloji.com\/?page_id=2400","title":{"rendered":"Site Kurulu"},"content":{"rendered":"\t\t<div data-elementor-type=\"wp-page\" data-elementor-id=\"2400\" class=\"elementor elementor-2400\">\n\t\t\t\t\t\t<section class=\"elementor-section elementor-top-section elementor-element elementor-element-7b3b30f8 elementor-section-boxed elementor-section-height-default elementor-section-height-default\" data-id=\"7b3b30f8\" data-element_type=\"section\">\n\t\t\t\t\t\t<div class=\"elementor-container elementor-column-gap-default\">\n\t\t\t\t\t<div class=\"elementor-column elementor-col-100 elementor-top-column elementor-element elementor-element-2be87e85\" data-id=\"2be87e85\" data-element_type=\"column\">\n\t\t\t<div class=\"elementor-widget-wrap elementor-element-populated\">\n\t\t\t\t\t\t<div class=\"elementor-element elementor-element-6b740f96 elementor-widget elementor-widget-text-editor\" data-id=\"6b740f96\" data-element_type=\"widget\" data-widget_type=\"text-editor.default\">\n\t\t\t\t<div class=\"elementor-widget-container\">\n\t\t\t<style>\/*! elementor - v3.19.0 - 28-02-2024 *\/\n.elementor-widget-text-editor.elementor-drop-cap-view-stacked .elementor-drop-cap{background-color:#69727d;color:#fff}.elementor-widget-text-editor.elementor-drop-cap-view-framed .elementor-drop-cap{color:#69727d;border:3px solid;background-color:transparent}.elementor-widget-text-editor:not(.elementor-drop-cap-view-default) .elementor-drop-cap{margin-top:8px}.elementor-widget-text-editor:not(.elementor-drop-cap-view-default) .elementor-drop-cap-letter{width:1em;height:1em}.elementor-widget-text-editor .elementor-drop-cap{float:left;text-align:center;line-height:1;font-size:50px}.elementor-widget-text-editor .elementor-drop-cap-letter{display:inline-block}<\/style>\t\t\t\t<p><!-- wp:paragraph --><\/p>\n<ul>\n<li><a href=\"https:\/\/avesis.marmara.edu.tr\/hadu\/deneyim\" target=\"_blank\" rel=\"noopener\">Prof. Dr. Hal\u00fbk Harun DUMAN<\/a><\/li>\n<li><a href=\"https:\/\/avesis.marmara.edu.tr\/bakiasilturk\" target=\"_blank\" rel=\"noopener\">Prof. Dr. B\u00e2ki AS\u0130LT\u00dcRK<\/a><\/li>\n<li><a href=\"https:\/\/avesis.marmara.edu.tr\/oyesilot\" target=\"_blank\" rel=\"noopener\">Prof. Dr. Okan YE\u015e\u0130LOT<\/a><\/li>\n<li><a href=\"https:\/\/avesis.anadolu.edu.tr\/stolkun\" target=\"_blank\" rel=\"noopener\">Prof. Dr. Selahittin TOLKUN<\/a><\/li>\n<li><a href=\"https:\/\/avesis.marmara.edu.tr\/mehdi.genceli\/egitim\" target=\"_blank\" rel=\"noopener\">Do\u00e7. Dr. Mehdi GENCEL\u0130<\/a><\/li>\n<li><a href=\"https:\/\/avesis.marmara.edu.tr\/serkan.ozdemir\" target=\"_blank\" rel=\"noopener\">Dr. \u00d6\u011fr. \u00dcyesi Serkan \u00d6ZDEM\u0130R<\/a><\/li>\n<\/ul>\n<p><!-- \/wp:paragraph --><\/p>\n<p><!-- wp:paragraph --><\/p>\n<p><!-- \/wp:paragraph --><\/p>\n<p><!-- wp:paragraph --><\/p>\n<p><!-- \/wp:paragraph --><\/p>\n<p><!-- wp:paragraph --><\/p>\n<p><!-- \/wp:paragraph --><\/p>\t\t\t\t\t\t<\/div>\n\t\t\t\t<\/div>\n\t\t\t\t\t<\/div>\n\t\t<\/div>\n\t\t\t\t\t<\/div>\n\t\t<\/section>\n\t\t\t\t<\/div>\n\t\t","protected":false},"excerpt":{"rendered":"<p>Prof. Dr. Hal\u00fbk Harun DUMAN Prof. Dr. B\u00e2ki AS\u0130LT\u00dcRK Prof. Dr. Okan YE\u015e\u0130LOT Prof. Dr. Selahittin TOLKUN Do\u00e7. Dr. Mehdi GENCEL\u0130 Dr. \u00d6\u011fr. \u00dcyesi Serkan \u00d6ZDEM\u0130R<\/p>\n","protected":false},"author":1,"featured_media":0,"parent":0,"menu_order":0,"comment_status":"closed","ping_status":"closed","template":"","meta":{"om_disable_all_campaigns":false,"_monsterinsights_skip_tracking":false,"_monsterinsights_sitenote_active":false,"_monsterinsights_sitenote_note":"","_monsterinsights_sitenote_category":0,"footnotes":""},"class_list":["post-2400","page","type-page","status-publish","hentry"],"_links":{"self":[{"href":"https:\/\/t\u00fcrkoloji.com\/index.php?rest_route=\/wp\/v2\/pages\/2400","targetHints":{"allow":["GET"]}}],"collection":[{"href":"https:\/\/t\u00fcrkoloji.com\/index.php?rest_route=\/wp\/v2\/pages"}],"about":[{"href":"https:\/\/t\u00fcrkoloji.com\/index.php?rest_route=\/wp\/v2\/types\/page"}],"author":[{"embeddable":true,"href":"https:\/\/t\u00fcrkoloji.com\/index.php?rest_route=\/wp\/v2\/users\/1"}],"replies":[{"embeddable":true,"href":"https:\/\/t\u00fcrkoloji.com\/index.php?rest_route=%2Fwp%2Fv2%2Fcomments&post=2400"}],"version-history":[{"count":7,"href":"https:\/\/t\u00fcrkoloji.com\/index.php?rest_route=\/wp\/v2\/pages\/2400\/revisions"}],"predecessor-version":[{"id":2409,"href":"https:\/\/t\u00fcrkoloji.com\/index.php?rest_route=\/wp\/v2\/pages\/2400\/revisions\/2409"}],"wp:attachment":[{"href":"https:\/\/t\u00fcrkoloji.com\/index.php?rest_route=%2Fwp%2Fv2%2Fmedia&parent=2400"}],"curies":[{"name":"wp","href":"https:\/\/api.w.org\/{rel}","templated":true}]}}