{"id":2592,"date":"2026-03-19T15:27:29","date_gmt":"2026-03-19T12:27:29","guid":{"rendered":"https:\/\/t\u00fcrkoloji.com\/?page_id=2592"},"modified":"2026-03-19T15:31:19","modified_gmt":"2026-03-19T12:31:19","slug":"selam-can-azerbaycan","status":"publish","type":"page","link":"https:\/\/t\u00fcrkoloji.com\/?page_id=2592","title":{"rendered":"Selam Can Azerbaycan"},"content":{"rendered":"\t\t<div data-elementor-type=\"wp-page\" data-elementor-id=\"2592\" class=\"elementor elementor-2592\">\n\t\t\t\t\t\t<section class=\"elementor-section elementor-top-section elementor-element elementor-element-d1f1268 elementor-section-boxed elementor-section-height-default elementor-section-height-default\" data-id=\"d1f1268\" data-element_type=\"section\">\n\t\t\t\t\t\t<div class=\"elementor-container elementor-column-gap-default\">\n\t\t\t\t\t<div class=\"elementor-column elementor-col-100 elementor-top-column elementor-element elementor-element-20542bf\" data-id=\"20542bf\" data-element_type=\"column\">\n\t\t\t<div class=\"elementor-widget-wrap elementor-element-populated\">\n\t\t\t\t\t\t<div class=\"elementor-element elementor-element-57912f7 elementor-widget elementor-widget-image\" data-id=\"57912f7\" data-element_type=\"widget\" data-widget_type=\"image.default\">\n\t\t\t\t<div class=\"elementor-widget-container\">\n\t\t\t<style>\/*! elementor - v3.19.0 - 28-02-2024 *\/\n.elementor-widget-image{text-align:center}.elementor-widget-image a{display:inline-block}.elementor-widget-image a img[src$=\".svg\"]{width:48px}.elementor-widget-image img{vertical-align:middle;display:inline-block}<\/style>\t\t\t\t\t\t\t\t\t\t<img fetchpriority=\"high\" decoding=\"async\" width=\"1024\" height=\"275\" src=\"https:\/\/t\u00fcrkoloji.com\/wp-content\/uploads\/2026\/03\/Ekran-Resmi-2026-03-19-15.26.19-1024x275.png\" class=\"attachment-large size-large wp-image-2595\" alt=\"\" srcset=\"https:\/\/t\u00fcrkoloji.com\/wp-content\/uploads\/2026\/03\/Ekran-Resmi-2026-03-19-15.26.19-1024x275.png 1024w, https:\/\/t\u00fcrkoloji.com\/wp-content\/uploads\/2026\/03\/Ekran-Resmi-2026-03-19-15.26.19-300x80.png 300w, https:\/\/t\u00fcrkoloji.com\/wp-content\/uploads\/2026\/03\/Ekran-Resmi-2026-03-19-15.26.19-768x206.png 768w, https:\/\/t\u00fcrkoloji.com\/wp-content\/uploads\/2026\/03\/Ekran-Resmi-2026-03-19-15.26.19-1536x412.png 1536w, https:\/\/t\u00fcrkoloji.com\/wp-content\/uploads\/2026\/03\/Ekran-Resmi-2026-03-19-15.26.19.png 1842w\" sizes=\"(max-width: 1024px) 100vw, 1024px\" \/>\t\t\t\t\t\t\t\t\t\t\t\t\t<\/div>\n\t\t\t\t<\/div>\n\t\t\t\t\t<\/div>\n\t\t<\/div>\n\t\t\t\t\t<\/div>\n\t\t<\/section>\n\t\t\t\t<section class=\"elementor-section elementor-top-section elementor-element elementor-element-357bde8 elementor-section-boxed elementor-section-height-default elementor-section-height-default\" data-id=\"357bde8\" data-element_type=\"section\">\n\t\t\t\t\t\t<div class=\"elementor-container elementor-column-gap-default\">\n\t\t\t\t\t<div class=\"elementor-column elementor-col-100 elementor-top-column elementor-element elementor-element-d27147a\" data-id=\"d27147a\" data-element_type=\"column\">\n\t\t\t<div class=\"elementor-widget-wrap elementor-element-populated\">\n\t\t\t\t\t\t<div class=\"elementor-element elementor-element-5baee00 elementor-widget elementor-widget-text-editor\" data-id=\"5baee00\" data-element_type=\"widget\" data-widget_type=\"text-editor.default\">\n\t\t\t\t<div class=\"elementor-widget-container\">\n\t\t\t<style>\/*! elementor - v3.19.0 - 28-02-2024 *\/\n.elementor-widget-text-editor.elementor-drop-cap-view-stacked .elementor-drop-cap{background-color:#69727d;color:#fff}.elementor-widget-text-editor.elementor-drop-cap-view-framed .elementor-drop-cap{color:#69727d;border:3px solid;background-color:transparent}.elementor-widget-text-editor:not(.elementor-drop-cap-view-default) .elementor-drop-cap{margin-top:8px}.elementor-widget-text-editor:not(.elementor-drop-cap-view-default) .elementor-drop-cap-letter{width:1em;height:1em}.elementor-widget-text-editor .elementor-drop-cap{float:left;text-align:center;line-height:1;font-size:50px}.elementor-widget-text-editor .elementor-drop-cap-letter{display:inline-block}<\/style>\t\t\t\t<h4><a href=\"https:\/\/open.spotify.com\/intl-tr\/album\/5WBuyVy3S9Lg2IG4xbDk5m?si=DJRm2vkkQNSIQEda2hQcHA\" target=\"_blank\" rel=\"noopener\">&nbsp;Alb\u00fcm\u00fc Spotify&#8217;dan dinlemek i\u00e7in l\u00fctfen t\u0131klay\u0131n\u0131z.<\/a><\/h4>\t\t\t\t\t\t<\/div>\n\t\t\t\t<\/div>\n\t\t\t\t\t<\/div>\n\t\t<\/div>\n\t\t\t\t\t<\/div>\n\t\t<\/section>\n\t\t\t\t<\/div>\n\t\t","protected":false},"excerpt":{"rendered":"<p>&nbsp;Alb\u00fcm\u00fc Spotify&#8217;dan dinlemek i\u00e7in l\u00fctfen t\u0131klay\u0131n\u0131z.<\/p>\n","protected":false},"author":1,"featured_media":0,"parent":0,"menu_order":0,"comment_status":"closed","ping_status":"closed","template":"","meta":{"om_disable_all_campaigns":false,"_monsterinsights_skip_tracking":false,"_monsterinsights_sitenote_active":false,"_monsterinsights_sitenote_note":"","_monsterinsights_sitenote_category":0,"footnotes":""},"class_list":["post-2592","page","type-page","status-publish","hentry"],"_links":{"self":[{"href":"https:\/\/t\u00fcrkoloji.com\/index.php?rest_route=\/wp\/v2\/pages\/2592","targetHints":{"allow":["GET"]}}],"collection":[{"href":"https:\/\/t\u00fcrkoloji.com\/index.php?rest_route=\/wp\/v2\/pages"}],"about":[{"href":"https:\/\/t\u00fcrkoloji.com\/index.php?rest_route=\/wp\/v2\/types\/page"}],"author":[{"embeddable":true,"href":"https:\/\/t\u00fcrkoloji.com\/index.php?rest_route=\/wp\/v2\/users\/1"}],"replies":[{"embeddable":true,"href":"https:\/\/t\u00fcrkoloji.com\/index.php?rest_route=%2Fwp%2Fv2%2Fcomments&post=2592"}],"version-history":[{"count":4,"href":"https:\/\/t\u00fcrkoloji.com\/index.php?rest_route=\/wp\/v2\/pages\/2592\/revisions"}],"predecessor-version":[{"id":2598,"href":"https:\/\/t\u00fcrkoloji.com\/index.php?rest_route=\/wp\/v2\/pages\/2592\/revisions\/2598"}],"wp:attachment":[{"href":"https:\/\/t\u00fcrkoloji.com\/index.php?rest_route=%2Fwp%2Fv2%2Fmedia&parent=2592"}],"curies":[{"name":"wp","href":"https:\/\/api.w.org\/{rel}","templated":true}]}}