{"id":2608,"date":"2026-05-07T12:57:54","date_gmt":"2026-05-07T09:57:54","guid":{"rendered":"https:\/\/t\u00fcrkoloji.com\/?page_id=2608"},"modified":"2026-05-07T13:18:58","modified_gmt":"2026-05-07T10:18:58","slug":"selam-can-tebriz","status":"publish","type":"page","link":"https:\/\/t\u00fcrkoloji.com\/?page_id=2608","title":{"rendered":"Selam Can Tebriz"},"content":{"rendered":"\t\t<div data-elementor-type=\"wp-page\" data-elementor-id=\"2608\" class=\"elementor elementor-2608\">\n\t\t\t\t\t\t<section class=\"elementor-section elementor-top-section elementor-element elementor-element-10f3b93 elementor-section-boxed elementor-section-height-default elementor-section-height-default\" data-id=\"10f3b93\" data-element_type=\"section\">\n\t\t\t\t\t\t<div class=\"elementor-container elementor-column-gap-default\">\n\t\t\t\t\t<div class=\"elementor-column elementor-col-100 elementor-top-column elementor-element elementor-element-a06b831\" data-id=\"a06b831\" data-element_type=\"column\">\n\t\t\t<div class=\"elementor-widget-wrap elementor-element-populated\">\n\t\t\t\t\t\t<div class=\"elementor-element elementor-element-a94fea5 elementor-widget elementor-widget-image\" data-id=\"a94fea5\" data-element_type=\"widget\" data-widget_type=\"image.default\">\n\t\t\t\t<div class=\"elementor-widget-container\">\n\t\t\t<style>\/*! elementor - v3.19.0 - 28-02-2024 *\/\n.elementor-widget-image{text-align:center}.elementor-widget-image a{display:inline-block}.elementor-widget-image a img[src$=\".svg\"]{width:48px}.elementor-widget-image img{vertical-align:middle;display:inline-block}<\/style>\t\t\t\t\t\t\t\t\t\t<img fetchpriority=\"high\" decoding=\"async\" width=\"1024\" height=\"274\" src=\"https:\/\/t\u00fcrkoloji.com\/wp-content\/uploads\/2026\/05\/Selam-Can-Tebriz-kapak-gorseli-1024x274.png\" class=\"attachment-large size-large wp-image-2611\" alt=\"\" srcset=\"https:\/\/t\u00fcrkoloji.com\/wp-content\/uploads\/2026\/05\/Selam-Can-Tebriz-kapak-gorseli-1024x274.png 1024w, https:\/\/t\u00fcrkoloji.com\/wp-content\/uploads\/2026\/05\/Selam-Can-Tebriz-kapak-gorseli-300x80.png 300w, https:\/\/t\u00fcrkoloji.com\/wp-content\/uploads\/2026\/05\/Selam-Can-Tebriz-kapak-gorseli-768x206.png 768w, https:\/\/t\u00fcrkoloji.com\/wp-content\/uploads\/2026\/05\/Selam-Can-Tebriz-kapak-gorseli-1536x411.png 1536w, https:\/\/t\u00fcrkoloji.com\/wp-content\/uploads\/2026\/05\/Selam-Can-Tebriz-kapak-gorseli.png 1846w\" sizes=\"(max-width: 1024px) 100vw, 1024px\" \/>\t\t\t\t\t\t\t\t\t\t\t\t\t<\/div>\n\t\t\t\t<\/div>\n\t\t\t\t\t<\/div>\n\t\t<\/div>\n\t\t\t\t\t<\/div>\n\t\t<\/section>\n\t\t\t\t<section class=\"elementor-section elementor-top-section elementor-element elementor-element-cd9cd2f elementor-section-boxed elementor-section-height-default elementor-section-height-default\" data-id=\"cd9cd2f\" data-element_type=\"section\">\n\t\t\t\t\t\t<div class=\"elementor-container elementor-column-gap-default\">\n\t\t\t\t\t<div class=\"elementor-column elementor-col-100 elementor-top-column elementor-element elementor-element-50f0b5d\" data-id=\"50f0b5d\" data-element_type=\"column\">\n\t\t\t<div class=\"elementor-widget-wrap elementor-element-populated\">\n\t\t\t\t\t\t<div class=\"elementor-element elementor-element-ad125a0 elementor-widget elementor-widget-text-editor\" data-id=\"ad125a0\" data-element_type=\"widget\" data-widget_type=\"text-editor.default\">\n\t\t\t\t<div class=\"elementor-widget-container\">\n\t\t\t<style>\/*! elementor - v3.19.0 - 28-02-2024 *\/\n.elementor-widget-text-editor.elementor-drop-cap-view-stacked .elementor-drop-cap{background-color:#69727d;color:#fff}.elementor-widget-text-editor.elementor-drop-cap-view-framed .elementor-drop-cap{color:#69727d;border:3px solid;background-color:transparent}.elementor-widget-text-editor:not(.elementor-drop-cap-view-default) .elementor-drop-cap{margin-top:8px}.elementor-widget-text-editor:not(.elementor-drop-cap-view-default) .elementor-drop-cap-letter{width:1em;height:1em}.elementor-widget-text-editor .elementor-drop-cap{float:left;text-align:center;line-height:1;font-size:50px}.elementor-widget-text-editor .elementor-drop-cap-letter{display:inline-block}<\/style>\t\t\t\t<h4><a href=\"https:\/\/open.spotify.com\/intl-tr\/album\/0X7Z3IATxNeHyMvhRSxzxH?si=hpph6i_zRAKHdJv2_ZSIbQ\" target=\"_blank\" rel=\"noopener\">\u00a0Alb\u00fcm\u00fc Spotify \u00fczerinden dinlemek i\u00e7in l\u00fctfen t\u0131klay\u0131n\u0131z.<\/a><\/h4>\t\t\t\t\t\t<\/div>\n\t\t\t\t<\/div>\n\t\t\t\t\t<\/div>\n\t\t<\/div>\n\t\t\t\t\t<\/div>\n\t\t<\/section>\n\t\t\t\t<section class=\"elementor-section elementor-top-section elementor-element elementor-element-8d82919 elementor-section-boxed elementor-section-height-default elementor-section-height-default\" data-id=\"8d82919\" data-element_type=\"section\">\n\t\t\t\t\t\t<div class=\"elementor-container elementor-column-gap-default\">\n\t\t\t\t\t<div class=\"elementor-column elementor-col-100 elementor-top-column elementor-element elementor-element-c3bfc64\" data-id=\"c3bfc64\" data-element_type=\"column\">\n\t\t\t<div class=\"elementor-widget-wrap elementor-element-populated\">\n\t\t\t\t\t\t<div class=\"elementor-element elementor-element-caa851d elementor-widget elementor-widget-text-editor\" data-id=\"caa851d\" data-element_type=\"widget\" data-widget_type=\"text-editor.default\">\n\t\t\t\t<div class=\"elementor-widget-container\">\n\t\t\t\t\t\t\t<h4><a href=\"https:\/\/youtube.com\/playlist?list=OLAK5uy_lFx6unT4xaQ1Z1-OvoPiqYd0lA6vinvbg&amp;si=mIZcLQICF9z4IEho\" target=\"_blank\" rel=\"noopener\">\u00a0Alb\u00fcm\u00fc YouTube \u00fczerinden dinlemek i\u00e7in l\u00fctfen t\u0131klay\u0131n\u0131z.<\/a><\/h4>\t\t\t\t\t\t<\/div>\n\t\t\t\t<\/div>\n\t\t\t\t\t<\/div>\n\t\t<\/div>\n\t\t\t\t\t<\/div>\n\t\t<\/section>\n\t\t\t\t<\/div>\n\t\t","protected":false},"excerpt":{"rendered":"<p>\u00a0Alb\u00fcm\u00fc Spotify \u00fczerinden dinlemek i\u00e7in l\u00fctfen t\u0131klay\u0131n\u0131z. \u00a0Alb\u00fcm\u00fc YouTube \u00fczerinden dinlemek i\u00e7in l\u00fctfen t\u0131klay\u0131n\u0131z.<\/p>\n","protected":false},"author":1,"featured_media":0,"parent":0,"menu_order":0,"comment_status":"closed","ping_status":"closed","template":"","meta":{"om_disable_all_campaigns":false,"_monsterinsights_skip_tracking":false,"_monsterinsights_sitenote_active":false,"_monsterinsights_sitenote_note":"","_monsterinsights_sitenote_category":0,"footnotes":""},"class_list":["post-2608","page","type-page","status-publish","hentry"],"_links":{"self":[{"href":"https:\/\/t\u00fcrkoloji.com\/index.php?rest_route=\/wp\/v2\/pages\/2608","targetHints":{"allow":["GET"]}}],"collection":[{"href":"https:\/\/t\u00fcrkoloji.com\/index.php?rest_route=\/wp\/v2\/pages"}],"about":[{"href":"https:\/\/t\u00fcrkoloji.com\/index.php?rest_route=\/wp\/v2\/types\/page"}],"author":[{"embeddable":true,"href":"https:\/\/t\u00fcrkoloji.com\/index.php?rest_route=\/wp\/v2\/users\/1"}],"replies":[{"embeddable":true,"href":"https:\/\/t\u00fcrkoloji.com\/index.php?rest_route=%2Fwp%2Fv2%2Fcomments&post=2608"}],"version-history":[{"count":4,"href":"https:\/\/t\u00fcrkoloji.com\/index.php?rest_route=\/wp\/v2\/pages\/2608\/revisions"}],"predecessor-version":[{"id":2614,"href":"https:\/\/t\u00fcrkoloji.com\/index.php?rest_route=\/wp\/v2\/pages\/2608\/revisions\/2614"}],"wp:attachment":[{"href":"https:\/\/t\u00fcrkoloji.com\/index.php?rest_route=%2Fwp%2Fv2%2Fmedia&parent=2608"}],"curies":[{"name":"wp","href":"https:\/\/api.w.org\/{rel}","templated":true}]}}