{"id":827,"date":"2022-11-15T13:16:27","date_gmt":"2022-11-15T13:16:27","guid":{"rendered":"https:\/\/marmaraturkoloji-com.preview-domain.com\/?page_id=827"},"modified":"2024-11-23T14:48:06","modified_gmt":"2024-11-23T11:48:06","slug":"hakkimizda-2","status":"publish","type":"page","link":"https:\/\/t\u00fcrkoloji.com\/","title":{"rendered":"Hakk\u0131m\u0131zda"},"content":{"rendered":"\t\t<div data-elementor-type=\"wp-page\" data-elementor-id=\"827\" class=\"elementor elementor-827\">\n\t\t\t\t\t\t<section class=\"elementor-section elementor-top-section elementor-element elementor-element-a24bde6 elementor-section-boxed elementor-section-height-default elementor-section-height-default\" data-id=\"a24bde6\" data-element_type=\"section\">\n\t\t\t\t\t\t<div class=\"elementor-container elementor-column-gap-default\">\n\t\t\t\t\t<div class=\"elementor-column elementor-col-100 elementor-top-column elementor-element elementor-element-1e3a7341\" data-id=\"1e3a7341\" data-element_type=\"column\">\n\t\t\t<div class=\"elementor-widget-wrap elementor-element-populated\">\n\t\t\t\t\t\t<div class=\"elementor-element elementor-element-3028420c elementor-widget elementor-widget-text-editor\" data-id=\"3028420c\" data-element_type=\"widget\" data-widget_type=\"text-editor.default\">\n\t\t\t\t<div class=\"elementor-widget-container\">\n\t\t\t<style>\/*! elementor - v3.19.0 - 28-02-2024 *\/\n.elementor-widget-text-editor.elementor-drop-cap-view-stacked .elementor-drop-cap{background-color:#69727d;color:#fff}.elementor-widget-text-editor.elementor-drop-cap-view-framed .elementor-drop-cap{color:#69727d;border:3px solid;background-color:transparent}.elementor-widget-text-editor:not(.elementor-drop-cap-view-default) .elementor-drop-cap{margin-top:8px}.elementor-widget-text-editor:not(.elementor-drop-cap-view-default) .elementor-drop-cap-letter{width:1em;height:1em}.elementor-widget-text-editor .elementor-drop-cap{float:left;text-align:center;line-height:1;font-size:50px}.elementor-widget-text-editor .elementor-drop-cap-letter{display:inline-block}<\/style>\t\t\t\t<p><!-- wp:paragraph --><\/p>\n<p>\u00a0<\/p>\n<p><!-- \/wp:paragraph --><\/p>\n<p><!-- wp:image {\"align\":\"left\",\"id\":833,\"width\":285,\"height\":283,\"sizeSlug\":\"medium\",\"linkDestination\":\"none\"} --><\/p>\n<figure><img fetchpriority=\"high\" decoding=\"async\" class=\"alignleft\" src=\"https:\/\/xn--trkoloji-65a.com\/wp-content\/uploads\/2022\/12\/IMG_3495-scaled-e1672214500505.jpg\" alt=\"\" width=\"250\" height=\"250\" \/><\/figure>\n<p><!-- \/wp:image --><\/p>\n<p><!-- wp:paragraph --><\/p>\n<p>\u00a0<\/p>\n<h4><strong>\u00a0<\/strong><\/h4>\n<h4><strong>\u00a0<\/strong><strong style=\"font-family: inherit;\">Prof. Dr. Hal\u00fbk Harun Duman<\/strong><\/h4>\n<p><!-- \/wp:paragraph --><\/p>\n<p><!-- wp:paragraph --><\/p>\n<p><strong>(Marmara \u00dcniversitesi)<\/strong><\/p>\n<p><!-- \/wp:paragraph --><\/p>\n<p><!-- wp:paragraph {\"style\":{\"typography\":{\"fontSize\":\"27px\"}},\"textColor\":\"vivid-red\"} --><\/p>\n<p style=\"font-size: 27px;\"><strong>T\u00fcrkoloji\u2019nin \u00f6nemi\u2026<\/strong><\/p>\n<p><!-- \/wp:paragraph --><\/p>\n<p><!-- wp:paragraph --><\/p>\n<p>T\u00fcrkoloji kavram\u0131 baz\u0131 tutucu \u00e7evreler taraf\u0131ndan \u00e7ok da ho\u015f kar\u015f\u0131lanmayan bir ifadedir. \u00d6zellikle muhafazak\u00e2r kesimin Cemil Meri\u00e7\u2019ten ilham alarak <strong>\u201cy\u00fcz k\u0131zart\u0131c\u0131\u201d<\/strong> buldu\u011fu kavram b\u00fct\u00fcn d\u00fcnyada T\u00fcrk ve T\u00fcrkl\u00fck \u00fczerine ara\u015ft\u0131rma yapanlar\u0131 kapsamaktad\u0131r. \u00d6nemli bir d\u00fc\u015f\u00fcn\u00fcr olan Cemil Meri\u00e7\u2019in \u00f6znel de\u011ferlendirmesini bir kenara b\u0131rak\u0131rsak T\u00fcrkoloji, T\u00fcrk kavram\u0131na -loji ekinin eklenmesi ile olu\u015fturulmu\u015f bir kavramd\u0131r. -loji eki sonuna geldi\u011fi kavramlar\u0131 <strong>\u201cbilimsel anlamda s\u00f6z s\u00f6ylenebilecek alan veya ara\u015ft\u0131rma alan\u0131<\/strong>\u201d yapan bir ektir. \u00d6rne\u011fin m\u00fczikoloji m\u00fczik alan\u0131nda, astroloji g\u00f6kbilim alan\u0131nda, biyoloji do\u011fal varl\u0131klar alan\u0131nda bilimsel, yani sistematik ara\u015ft\u0131rma yapmak demektir. Bu alanlarda ara\u015ft\u0131rma yapan ki\u015filer de <strong>-log<\/strong> eki ile belirtilir. T\u00fcrkolog: T\u00fcrkler \u00fczerine bilimsel ara\u015ft\u0131rma yapanlar\u0131 kapsar. M\u00fczikolog: M\u00fczik alan\u0131nda yazan \u00e7izenleri ifade eder.\u00a0<\/p>\n<p><!-- \/wp:paragraph --><\/p>\n<p><!-- wp:paragraph --><\/p>\n<p>Bilindi\u011fi gibi XIX yy.da bilimler aras\u0131nda b\u00fcy\u00fck bir ayr\u0131\u015fma ya\u015fand\u0131. Eski d\u00fcnyan\u0131n \u201cher \u015feyi bilen bilim adam\u0131\u201d anlay\u0131\u015f\u0131 yerini ayr\u0131nt\u0131 say\u0131labilecek konularda derinlemesine bilgi sahibi olan insanlara b\u0131rakt\u0131r. \u00d6rne\u011fin eskiden bir doktor alan\u0131 olsun olmas\u0131n hemen her hastal\u0131\u011fa bakard\u0131. 1960-70\u2019li y\u0131llardan sonra uzmanla\u015fma ba\u015flad\u0131 ve farkl\u0131 alanlarda doktorlar yeti\u015fti. Bunun gibi T\u00fcrkoloji de \u00f6zellikle XIX. yy.da Rusya\u2019da ortaya \u00e7\u0131kan ve geli\u015fen bir bilim dal\u0131 oldu. Ruslar geni\u015f co\u011frafyalar\u0131 i\u00e7inde bulunan farkl\u0131 uluslar\u0131n dil, tarih ve k\u00fclt\u00fcrleri \u00fczerine yo\u011fun bilimsel ara\u015ft\u0131rmalar yapmaya ba\u015flad\u0131lar. Bunun temel sebebi s\u00f6z konusu uluslar\u0131n karakterlerini tan\u0131mak ve daha kolay idare etmekti. Yani bilim, Romal\u0131larda oldu\u011fu gibi s\u00f6m\u00fcrgeciler taraf\u0131ndan stratejik ve siyasi bir amaca hizmet etmek i\u00e7in kullan\u0131lmaya ba\u015fland\u0131.\u00a0<\/p>\n<p>\u00a0<span class=\"collapseomatic \" id=\"id69fac9e8d3674\"  tabindex=\"0\" title=\"yaz\u0131n\u0131n devam\u0131...\"    >yaz\u0131n\u0131n devam\u0131&#8230;<\/span><div id=\"target-id69fac9e8d3674\" class=\"collapseomatic_content \"><\/p>\n<p><!-- \/wp:paragraph --><\/p>\n<p><!-- wp:paragraph --><\/p>\n<p>T\u00fcrkler ve T\u00fcrklerin ya\u015fad\u0131klar\u0131 co\u011frafyalar eski \u00e7a\u011flardan beri yabanc\u0131 merakl\u0131lar\u0131n dikkatini \u00e7eken bir konu oldu. \u00d6zellikle ilk seyyahlar ba\u015fta Anadolu olmak \u00fczere T\u00fcrkistan\u2019a yolculuk yaparak T\u00fcrkleri daha yak\u0131ndan g\u00f6rme ve tan\u0131maya \u00e7al\u0131\u015ft\u0131lar. Bunlar aras\u0131nda \u0130slamiyet\u2019i yaymak i\u00e7in d\u00f6nemin halifesi taraf\u0131ndan 921 y\u0131l\u0131nda g\u00f6revlendirilen \u0130bn Fadlan\u2019\u0131n gezi yaz\u0131lar\u0131 \u00e7ok \u00f6nemli bir yer tutar. \u0130bn Fadlan, T\u00fcrk beylerinin ald\u0131klar\u0131 r\u00fc\u015fvetle M\u00fcsl\u00fcman olmalar\u0131, T\u00fcrk halk\u0131n\u0131n adetleri, gelenekleri, u\u011fra\u015flar\u0131 vs. gibi konularda geni\u015f bilgiler verir. Onun tan\u0131kl\u0131\u011f\u0131yla XI. yy. T\u00fcrkleri hakk\u0131nda ayr\u0131nt\u0131l\u0131 bilgi ediniriz. \u00a0Bu t\u00fcr \u00e7al\u0131\u015fmalar bat\u0131l\u0131 seyyahlar taraf\u0131ndan da s\u0131k\u00e7a yap\u0131l\u0131r. \u015e\u00fcphesiz bunlar\u0131n hepsi \u00e7ok \u00f6nemli \u00e7al\u0131\u015fmalard\u0131r. Ancak \u201c<strong>T\u00fcrkoloji<\/strong>\u201d kavram\u0131 i\u00e7inde de\u011ferlendirilemeyen eserlerdir.<\/p>\n<p><!-- \/wp:paragraph --><\/p>\n<p><!-- wp:paragraph --><\/p>\n<p><strong>\u201cT\u00fcrkoloji\u201d<\/strong> daha \u00e7ok bilimsel kavram ve kuramlar \u0131\u015f\u0131\u011f\u0131nda sistematik \u015fekilde T\u00fcrkl\u00fck alan\u0131na e\u011filmek ve \u00e7al\u0131\u015fma yapmay\u0131 kapsar. T\u00fcrk dili, edebiyat\u0131, tarihi ve k\u00fclt\u00fcr\u00fc bu alanla ilgilenenler taraf\u0131ndan bilimsel k\u0131staslarla incelenir. Bu a\u00e7\u0131dan 1795 y\u0131l\u0131nda Paris\u2019te <strong>&#8220;Ecole des Languages Orientales Vivantes&#8221;<\/strong>\u2018de kurulan T\u00fcrkoloji K\u00fcrs\u00fcs\u00fc ilk ara\u015ft\u0131rma merkezlerinden biridir. Bunu sonraki y\u0131llarda farkl\u0131 bat\u0131 ve do\u011fu \u00fclkeleri de takip eder.<\/p>\n<p><!-- \/wp:paragraph --><\/p>\n<p><!-- wp:paragraph --><\/p>\n<p>\u201c<strong>T\u00fcrkoloji<\/strong>\u201d son d\u00f6nemlerde ne yaz\u0131k ki daha \u00e7ok T\u00fcrk dili veya T\u00fcrk\u00e7e \u00fczerine \u00e7al\u0131\u015fanlar\u0131 kapsayan bir alan olarak ele al\u0131nd\u0131\u011f\u0131 g\u00f6r\u00fcl\u00fcr. Bu \u00e7ok dar ve k\u0131s\u0131tlay\u0131c\u0131 bir bak\u0131\u015f a\u00e7\u0131s\u0131d\u0131r. \u00d6zellikle T\u00fcrkoloji alan\u0131nda yap\u0131lan \u00e7al\u0131\u015fmalar\u0131 ho\u015f kar\u015f\u0131lamayan ve kendilerini Arap-Fars veya Bat\u0131 k\u00fclt\u00fcr\u00fcne daha yak\u0131n g\u00f6ren \u00e7evrelerin bu kapsam daraltmas\u0131nda \u00f6nemli etkileri oldu\u011fu g\u00f6zlenir. \u0130lahiyat k\u00f6kenli T\u00fcrk dilciler veya edebiyat\u00e7\u0131lar taraf\u0131ndan T\u00fcrkoloji \u00e7al\u0131\u015fmalar\u0131 b\u00f6ylece adeta dumura u\u011frat\u0131l\u0131r. \u00dcst\u00fc \u00f6rt\u00fclmeye ve yanan me\u015fale s\u00f6nd\u00fcr\u00fclmeye \u00e7al\u0131\u015f\u0131l\u0131r. T\u00fcrklerin \u0130slamiyet\u2019ten \u00f6nceki d\u00f6nemleriyle ilgilenen T\u00fcrkologlar d\u0131\u015flan\u0131r, dil ara\u015ft\u0131rmalar\u0131 yapan baz\u0131 kurumlarda bilin\u00e7li bir \u015fekilde devre d\u0131\u015f\u0131 b\u0131rak\u0131l\u0131rlar.<\/p>\n<p><!-- \/wp:paragraph --><\/p>\n<p><!-- wp:paragraph --><\/p>\n<p>Ancak hi\u00e7bir g\u00fc\u00e7 i\u00e7in i\u00e7in yayan T\u00fcrkl\u00fck ate\u015fini ve T\u00fcrkoloji ruhunu s\u00f6nd\u00fcrmeye yetmeyecektir. Bu ama\u00e7la olu\u015fturdu\u011fumuz\u00a0<strong><a style=\"color: #1155cc;\" href=\"http:\/\/xn--trkoloji-65a.com\/\" target=\"_blank\" rel=\"noopener\" data-saferedirecturl=\"https:\/\/www.google.com\/url?q=http:\/\/xn--trkoloji-65a.com&amp;source=gmail&amp;ust=1676720818362000&amp;usg=AOvVaw3kBz9YeoRL9x0QB1ZtZ7VC\">t\u00fcrkoloji.com<\/a>\u00a0<\/strong>sitesi de s\u00f6nd\u00fcr\u00fclmeye \u00e7al\u0131\u015f\u0131lan ate\u015fi yeniden k\u00f6r\u00fckleyecek ve daha g\u00fc\u00e7l\u00fc yanmas\u0131n\u0131 sa\u011flayacakt\u0131r. T\u00fcrkl\u00fck me\u015falesi gibi T\u00fcrkoloji me\u015falesi de gen\u00e7 ku\u015faklar ve idealist gen\u00e7ler taraf\u0131ndan sahiplenilecektir. \u015eovenist veya \u0131rk\u00e7\u0131 s\u00f6ylemlerden uzak kalarak T\u00fcrkl\u00fc\u011f\u00fcn ve T\u00fcrk k\u00fclt\u00fcr\u00fcn\u00fcn izinleri ara\u015ft\u0131r\u0131lacakt\u0131r. T\u00fcrk\u00e7e bilen, konu\u015fanlar, yazanlar hangi \u0131rk, soy ve soptan gelirlerse gelsinler hissettikleri duygularla b\u00fcy\u00fck T\u00fcrk ailesinin \u00fcyesidirler. Kendi k\u00fclt\u00fcrel ba\u011flar\u0131 ve ge\u00e7mi\u015fleri ile gurur duyarak T\u00fcrk k\u00fclt\u00fcr\u00fcne hizmet edebilirler. Bu a\u00e7\u0131dan sitemiz k\u00fclt\u00fcrel zenginli\u011fimiz g\u00fcn y\u00fcz\u00fcne \u00e7\u0131kar\u0131ld\u0131\u011f\u0131 ortam olacakt\u0131r. Var olmak, bir olmak ve diri olman\u0131n en temel \u015fart\u0131 g\u00fcc\u00fcm\u00fcz\u00fc k\u00f6klerimizden almakt\u0131r. Bu a\u00e7\u0131dan\u00a0<a style=\"color: #8a6d3b; background-color: rgba(0, 0, 0, 0.01);\" href=\"http:\/\/www.xn--trkoloji-65a.com\/\" target=\"_blank\" rel=\"noopener\" data-saferedirecturl=\"https:\/\/www.google.com\/url?q=http:\/\/www.xn--trkoloji-65a.com\/&amp;source=gmail&amp;ust=1676720818362000&amp;usg=AOvVaw3-Ec-Njy4JJyrVlc6MSCoE\">www.t\u00fcrkoloji.com<\/a>\u00a0<wbr \/>sitesi k\u00f6klere yapaca\u011f\u0131 yolculukta sizleri de yan\u0131nda bekliyor\u2026<\/div><\/p>\n<p><!-- \/wp:paragraph --><\/p>\t\t\t\t\t\t<\/div>\n\t\t\t\t<\/div>\n\t\t\t\t\t<\/div>\n\t\t<\/div>\n\t\t\t\t\t<\/div>\n\t\t<\/section>\n\t\t\t\t<section class=\"elementor-section elementor-top-section elementor-element elementor-element-9bd8fc3 elementor-section-boxed elementor-section-height-default elementor-section-height-default\" data-id=\"9bd8fc3\" data-element_type=\"section\">\n\t\t\t\t\t\t<div class=\"elementor-container elementor-column-gap-default\">\n\t\t\t\t\t<div class=\"elementor-column elementor-col-100 elementor-top-column elementor-element elementor-element-c12743a\" data-id=\"c12743a\" data-element_type=\"column\">\n\t\t\t<div class=\"elementor-widget-wrap elementor-element-populated\">\n\t\t\t\t\t\t<div class=\"elementor-element elementor-element-85b5484 elementor-widget-divider--view-line elementor-widget elementor-widget-divider\" data-id=\"85b5484\" data-element_type=\"widget\" data-widget_type=\"divider.default\">\n\t\t\t\t<div class=\"elementor-widget-container\">\n\t\t\t<style>\/*! elementor - v3.19.0 - 28-02-2024 *\/\n.elementor-widget-divider{--divider-border-style:none;--divider-border-width:1px;--divider-color:#0c0d0e;--divider-icon-size:20px;--divider-element-spacing:10px;--divider-pattern-height:24px;--divider-pattern-size:20px;--divider-pattern-url:none;--divider-pattern-repeat:repeat-x}.elementor-widget-divider .elementor-divider{display:flex}.elementor-widget-divider .elementor-divider__text{font-size:15px;line-height:1;max-width:95%}.elementor-widget-divider .elementor-divider__element{margin:0 var(--divider-element-spacing);flex-shrink:0}.elementor-widget-divider .elementor-icon{font-size:var(--divider-icon-size)}.elementor-widget-divider .elementor-divider-separator{display:flex;margin:0;direction:ltr}.elementor-widget-divider--view-line_icon .elementor-divider-separator,.elementor-widget-divider--view-line_text .elementor-divider-separator{align-items:center}.elementor-widget-divider--view-line_icon .elementor-divider-separator:after,.elementor-widget-divider--view-line_icon .elementor-divider-separator:before,.elementor-widget-divider--view-line_text .elementor-divider-separator:after,.elementor-widget-divider--view-line_text .elementor-divider-separator:before{display:block;content:\"\";border-block-end:0;flex-grow:1;border-block-start:var(--divider-border-width) var(--divider-border-style) var(--divider-color)}.elementor-widget-divider--element-align-left .elementor-divider .elementor-divider-separator>.elementor-divider__svg:first-of-type{flex-grow:0;flex-shrink:100}.elementor-widget-divider--element-align-left .elementor-divider-separator:before{content:none}.elementor-widget-divider--element-align-left .elementor-divider__element{margin-left:0}.elementor-widget-divider--element-align-right .elementor-divider .elementor-divider-separator>.elementor-divider__svg:last-of-type{flex-grow:0;flex-shrink:100}.elementor-widget-divider--element-align-right .elementor-divider-separator:after{content:none}.elementor-widget-divider--element-align-right .elementor-divider__element{margin-right:0}.elementor-widget-divider--element-align-start .elementor-divider .elementor-divider-separator>.elementor-divider__svg:first-of-type{flex-grow:0;flex-shrink:100}.elementor-widget-divider--element-align-start .elementor-divider-separator:before{content:none}.elementor-widget-divider--element-align-start .elementor-divider__element{margin-inline-start:0}.elementor-widget-divider--element-align-end .elementor-divider .elementor-divider-separator>.elementor-divider__svg:last-of-type{flex-grow:0;flex-shrink:100}.elementor-widget-divider--element-align-end .elementor-divider-separator:after{content:none}.elementor-widget-divider--element-align-end .elementor-divider__element{margin-inline-end:0}.elementor-widget-divider:not(.elementor-widget-divider--view-line_text):not(.elementor-widget-divider--view-line_icon) .elementor-divider-separator{border-block-start:var(--divider-border-width) var(--divider-border-style) var(--divider-color)}.elementor-widget-divider--separator-type-pattern{--divider-border-style:none}.elementor-widget-divider--separator-type-pattern.elementor-widget-divider--view-line .elementor-divider-separator,.elementor-widget-divider--separator-type-pattern:not(.elementor-widget-divider--view-line) .elementor-divider-separator:after,.elementor-widget-divider--separator-type-pattern:not(.elementor-widget-divider--view-line) .elementor-divider-separator:before,.elementor-widget-divider--separator-type-pattern:not([class*=elementor-widget-divider--view]) .elementor-divider-separator{width:100%;min-height:var(--divider-pattern-height);-webkit-mask-size:var(--divider-pattern-size) 100%;mask-size:var(--divider-pattern-size) 100%;-webkit-mask-repeat:var(--divider-pattern-repeat);mask-repeat:var(--divider-pattern-repeat);background-color:var(--divider-color);-webkit-mask-image:var(--divider-pattern-url);mask-image:var(--divider-pattern-url)}.elementor-widget-divider--no-spacing{--divider-pattern-size:auto}.elementor-widget-divider--bg-round{--divider-pattern-repeat:round}.rtl .elementor-widget-divider .elementor-divider__text{direction:rtl}.e-con-inner>.elementor-widget-divider,.e-con>.elementor-widget-divider{width:var(--container-widget-width,100%);--flex-grow:var(--container-widget-flex-grow)}<\/style>\t\t<div class=\"elementor-divider\">\n\t\t\t<span class=\"elementor-divider-separator\">\n\t\t\t\t\t\t<\/span>\n\t\t<\/div>\n\t\t\t\t<\/div>\n\t\t\t\t<\/div>\n\t\t\t\t\t<\/div>\n\t\t<\/div>\n\t\t\t\t\t<\/div>\n\t\t<\/section>\n\t\t\t\t<\/div>\n\t\t","protected":false},"excerpt":{"rendered":"<p>\u00a0 \u00a0 \u00a0 \u00a0Prof. Dr. Hal\u00fbk Harun Duman (Marmara \u00dcniversitesi) T\u00fcrkoloji\u2019nin \u00f6nemi\u2026 T\u00fcrkoloji kavram\u0131 baz\u0131 tutucu \u00e7evreler taraf\u0131ndan \u00e7ok da ho\u015f kar\u015f\u0131lanmayan bir ifadedir. \u00d6zellikle muhafazak\u00e2r kesimin Cemil Meri\u00e7\u2019ten ilham alarak \u201cy\u00fcz k\u0131zart\u0131c\u0131\u201d buldu\u011fu kavram b\u00fct\u00fcn d\u00fcnyada T\u00fcrk ve T\u00fcrkl\u00fck \u00fczerine ara\u015ft\u0131rma yapanlar\u0131 kapsamaktad\u0131r. \u00d6nemli bir d\u00fc\u015f\u00fcn\u00fcr olan Cemil Meri\u00e7\u2019in \u00f6znel de\u011ferlendirmesini bir kenara b\u0131rak\u0131rsak&hellip;<\/p>\n","protected":false},"author":1,"featured_media":0,"parent":0,"menu_order":0,"comment_status":"closed","ping_status":"closed","template":"","meta":{"om_disable_all_campaigns":false,"_monsterinsights_skip_tracking":false,"_monsterinsights_sitenote_active":false,"_monsterinsights_sitenote_note":"","_monsterinsights_sitenote_category":0,"footnotes":""},"class_list":["post-827","page","type-page","status-publish","hentry"],"_links":{"self":[{"href":"https:\/\/t\u00fcrkoloji.com\/index.php?rest_route=\/wp\/v2\/pages\/827","targetHints":{"allow":["GET"]}}],"collection":[{"href":"https:\/\/t\u00fcrkoloji.com\/index.php?rest_route=\/wp\/v2\/pages"}],"about":[{"href":"https:\/\/t\u00fcrkoloji.com\/index.php?rest_route=\/wp\/v2\/types\/page"}],"author":[{"embeddable":true,"href":"https:\/\/t\u00fcrkoloji.com\/index.php?rest_route=\/wp\/v2\/users\/1"}],"replies":[{"embeddable":true,"href":"https:\/\/t\u00fcrkoloji.com\/index.php?rest_route=%2Fwp%2Fv2%2Fcomments&post=827"}],"version-history":[{"count":101,"href":"https:\/\/t\u00fcrkoloji.com\/index.php?rest_route=\/wp\/v2\/pages\/827\/revisions"}],"predecessor-version":[{"id":2292,"href":"https:\/\/t\u00fcrkoloji.com\/index.php?rest_route=\/wp\/v2\/pages\/827\/revisions\/2292"}],"wp:attachment":[{"href":"https:\/\/t\u00fcrkoloji.com\/index.php?rest_route=%2Fwp%2Fv2%2Fmedia&parent=827"}],"curies":[{"name":"wp","href":"https:\/\/api.w.org\/{rel}","templated":true}]}}