{"id":851,"date":"2022-11-16T10:49:16","date_gmt":"2022-11-16T10:49:16","guid":{"rendered":"https:\/\/marmaraturkoloji-com.preview-domain.com\/?page_id=851"},"modified":"2023-01-12T13:37:51","modified_gmt":"2023-01-12T10:37:51","slug":"web-sayfalari","status":"publish","type":"page","link":"https:\/\/t\u00fcrkoloji.com\/?page_id=851","title":{"rendered":"Bilgilendirici Webler"},"content":{"rendered":"\n<hr class=\"wp-block-separator has-alpha-channel-opacity\"\/>\n\n\n\n<p class=\"has-medium-font-size\">Anime Tarihi<\/p>\n\n\n\n<figure class=\"wp-block-image size-large is-resized\"><img fetchpriority=\"high\" decoding=\"async\" src=\"https:\/\/xn--trkoloji-65a.com\/wp-content\/uploads\/2022\/12\/Screenshot-2022-12-28-at-11.37.05-1024x162.png\" alt=\"\" class=\"wp-image-1515\" width=\"676\" height=\"106\" srcset=\"https:\/\/t\u00fcrkoloji.com\/wp-content\/uploads\/2022\/12\/Screenshot-2022-12-28-at-11.37.05-1024x162.png 1024w, https:\/\/t\u00fcrkoloji.com\/wp-content\/uploads\/2022\/12\/Screenshot-2022-12-28-at-11.37.05-300x47.png 300w, https:\/\/t\u00fcrkoloji.com\/wp-content\/uploads\/2022\/12\/Screenshot-2022-12-28-at-11.37.05-768x121.png 768w, https:\/\/t\u00fcrkoloji.com\/wp-content\/uploads\/2022\/12\/Screenshot-2022-12-28-at-11.37.05-1536x243.png 1536w, https:\/\/t\u00fcrkoloji.com\/wp-content\/uploads\/2022\/12\/Screenshot-2022-12-28-at-11.37.05-2048x324.png 2048w\" sizes=\"(max-width: 676px) 100vw, 676px\" \/><\/figure>\n\n\n\n<p class=\"has-medium-font-size\"><a href=\"https:\/\/www.youtube.com\/@AnimeTarih\/videos\" target=\"_blank\" rel=\"noopener\">https:\/\/www.youtube.com\/@AnimeTarih\/videos<\/a><\/p>\n\n\n\n<hr class=\"wp-block-separator has-alpha-channel-opacity\"\/>\n\n\n\n<p class=\"has-medium-font-size\">Bezgek Dergisi<\/p>\n\n\n\n<figure class=\"wp-block-image size-large is-resized\"><img decoding=\"async\" src=\"https:\/\/xn--trkoloji-65a.com\/wp-content\/uploads\/2023\/01\/image-1024x285.png\" alt=\"\" class=\"wp-image-1783\" width=\"676\" srcset=\"https:\/\/t\u00fcrkoloji.com\/wp-content\/uploads\/2023\/01\/image-1024x285.png 1024w, https:\/\/t\u00fcrkoloji.com\/wp-content\/uploads\/2023\/01\/image-300x83.png 300w, https:\/\/t\u00fcrkoloji.com\/wp-content\/uploads\/2023\/01\/image-768x214.png 768w, https:\/\/t\u00fcrkoloji.com\/wp-content\/uploads\/2023\/01\/image.png 1284w\" sizes=\"(max-width: 1024px) 100vw, 1024px\" \/><\/figure>\n\n\n\n<p><a href=\"https:\/\/bezgekdergisi.com\/SonSayi.Aspx\" target=\"_blank\" rel=\"noreferrer noopener\">https:\/\/bezgekdergisi.com\/SonSayi.Aspx<\/a><\/p>\n\n\n\n<hr class=\"wp-block-separator has-alpha-channel-opacity\"\/>\n\n\n\n<p class=\"has-medium-font-size\">Bu\u011fu Dergisi<\/p>\n\n\n\n<figure class=\"wp-block-image size-large is-resized\"><img decoding=\"async\" src=\"https:\/\/xn--trkoloji-65a.com\/wp-content\/uploads\/2023\/01\/image-1-1024x329.png\" alt=\"\" class=\"wp-image-1784\" width=\"676\" srcset=\"https:\/\/t\u00fcrkoloji.com\/wp-content\/uploads\/2023\/01\/image-1-1024x329.png 1024w, https:\/\/t\u00fcrkoloji.com\/wp-content\/uploads\/2023\/01\/image-1-300x96.png 300w, https:\/\/t\u00fcrkoloji.com\/wp-content\/uploads\/2023\/01\/image-1-768x247.png 768w, https:\/\/t\u00fcrkoloji.com\/wp-content\/uploads\/2023\/01\/image-1.png 1282w\" sizes=\"(max-width: 1024px) 100vw, 1024px\" \/><\/figure>\n\n\n\n<p><a href=\"http:\/\/www.bugudergisi.com\/SonSayi.Aspx\" target=\"_blank\" rel=\"noreferrer noopener\">http:\/\/www.bugudergisi.com\/SonSayi.Aspx<\/a><\/p>\n\n\n\n<hr class=\"wp-block-separator has-alpha-channel-opacity\"\/>\n\n\n\n<p class=\"has-medium-font-size\">B\u00fclent Pakman<\/p>\n\n\n\n<figure class=\"wp-block-image size-large is-resized\"><img decoding=\"async\" src=\"https:\/\/xn--trkoloji-65a.com\/wp-content\/uploads\/2022\/12\/Screenshot-2022-12-24-at-20.02.37-1024x266.png\" alt=\"\" class=\"wp-image-1287\" width=\"676\" height=\"175\" srcset=\"https:\/\/t\u00fcrkoloji.com\/wp-content\/uploads\/2022\/12\/Screenshot-2022-12-24-at-20.02.37-1024x266.png 1024w, https:\/\/t\u00fcrkoloji.com\/wp-content\/uploads\/2022\/12\/Screenshot-2022-12-24-at-20.02.37-300x78.png 300w, https:\/\/t\u00fcrkoloji.com\/wp-content\/uploads\/2022\/12\/Screenshot-2022-12-24-at-20.02.37-768x200.png 768w, https:\/\/t\u00fcrkoloji.com\/wp-content\/uploads\/2022\/12\/Screenshot-2022-12-24-at-20.02.37-1536x399.png 1536w, https:\/\/t\u00fcrkoloji.com\/wp-content\/uploads\/2022\/12\/Screenshot-2022-12-24-at-20.02.37.png 1884w\" sizes=\"(max-width: 676px) 100vw, 676px\" \/><\/figure>\n\n\n\n<p class=\"has-medium-font-size\"><a title=\"\" href=\"https:\/\/bpakman.wordpress.com\/\" target=\"_blank\" rel=\"noopener\">https:\/\/bpakman.wordpress.com\/<\/a><\/p>\n\n\n\n<hr class=\"wp-block-separator has-alpha-channel-opacity\"\/>\n\n\n\n<p class=\"has-medium-font-size\">B\u00fcrk\u00fct T\u00fcrk D\u00fcnyas\u0131 Dergisi<\/p>\n\n\n\n<figure class=\"wp-block-image size-large is-resized\"><img decoding=\"async\" src=\"https:\/\/xn--trkoloji-65a.com\/wp-content\/uploads\/2023\/01\/image-2-1024x270.png\" alt=\"\" class=\"wp-image-1785\" width=\"676\" srcset=\"https:\/\/t\u00fcrkoloji.com\/wp-content\/uploads\/2023\/01\/image-2-1024x270.png 1024w, https:\/\/t\u00fcrkoloji.com\/wp-content\/uploads\/2023\/01\/image-2-300x79.png 300w, https:\/\/t\u00fcrkoloji.com\/wp-content\/uploads\/2023\/01\/image-2-768x202.png 768w, https:\/\/t\u00fcrkoloji.com\/wp-content\/uploads\/2023\/01\/image-2.png 1257w\" sizes=\"(max-width: 1024px) 100vw, 1024px\" \/><\/figure>\n\n\n\n<p><a href=\"https:\/\/www.burkutdergisi.com\/SonSayi.Aspx\" target=\"_blank\" rel=\"noreferrer noopener\">https:\/\/www.burkutdergisi.com\/SonSayi.Aspx<\/a><\/p>\n\n\n\n<p class=\"has-medium-font-size\">Dergi Park<\/p>\n\n\n\n<figure class=\"wp-block-image size-large is-resized\"><img decoding=\"async\" src=\"https:\/\/xn--trkoloji-65a.com\/wp-content\/uploads\/2023\/01\/Screenshot-2023-01-12-at-13.36.33-1024x84.png\" alt=\"\" class=\"wp-image-1851\" width=\"676\" height=\"69\"\/><\/figure>\n\n\n\n<p><a href=\"https:\/\/dergipark.org.tr\/tr\/pub\/balted\" target=\"_blank\" rel=\"noopener\">https:\/\/dergipark.org.tr\/tr\/pub\/balted<\/a><\/p>\n\n\n\n<hr class=\"wp-block-separator has-alpha-channel-opacity\"\/>\n\n\n\n<p class=\"has-medium-font-size\">World History Encyclopedia<\/p>\n\n\n\n<figure class=\"wp-block-image size-large is-resized\"><img decoding=\"async\" src=\"https:\/\/xn--trkoloji-65a.com\/wp-content\/uploads\/2023\/01\/image-3-1024x172.png\" alt=\"\" class=\"wp-image-1786\" width=\"676\" srcset=\"https:\/\/t\u00fcrkoloji.com\/wp-content\/uploads\/2023\/01\/image-3-1024x172.png 1024w, https:\/\/t\u00fcrkoloji.com\/wp-content\/uploads\/2023\/01\/image-3-300x50.png 300w, https:\/\/t\u00fcrkoloji.com\/wp-content\/uploads\/2023\/01\/image-3-768x129.png 768w, https:\/\/t\u00fcrkoloji.com\/wp-content\/uploads\/2023\/01\/image-3.png 1293w\" sizes=\"(max-width: 1024px) 100vw, 1024px\" \/><\/figure>\n\n\n\n<p class=\"has-medium-font-size\"><a href=\"https:\/\/www.worldhistory.org\/\" target=\"_blank\" rel=\"noreferrer noopener\">https:\/\/www.worldhistory.org\/trans\/tr\/1-265\/buyuk-iskender\/#nav<\/a><\/p>\n\n\n\n<hr class=\"wp-block-separator has-alpha-channel-opacity\"\/>\n\n\n\n<p class=\"has-medium-font-size\">Haluk Harun Duman<\/p>\n\n\n\n<figure class=\"wp-block-image size-large is-resized\"><img loading=\"lazy\" decoding=\"async\" src=\"https:\/\/xn--trkoloji-65a.com\/wp-content\/uploads\/2022\/12\/Screenshot-2022-12-30-at-16.48.23-1024x163.png\" alt=\"\" class=\"wp-image-1639\" width=\"676\" height=\"112\"\/><\/figure>\n\n\n\n<p class=\"has-medium-font-size\"><a href=\"https:\/\/www.youtube.com\/@halukharunduman2763\/videos\" target=\"_blank\" rel=\"noreferrer noopener\">https:\/\/www.youtube.com\/@halukharunduman2763\/videos<\/a><\/p>\n\n\n\n<hr class=\"wp-block-separator has-alpha-channel-opacity\"\/>\n\n\n\n<p class=\"has-medium-font-size\">Marmara T\u00fcrkoloji<\/p>\n\n\n\n<figure class=\"wp-block-image size-large is-resized\"><img loading=\"lazy\" decoding=\"async\" src=\"https:\/\/xn--trkoloji-65a.com\/wp-content\/uploads\/2022\/12\/Screenshot-2022-12-30-at-16.47.30-1024x163.png\" alt=\"\" class=\"wp-image-1638\" width=\"676\" height=\"108\" srcset=\"https:\/\/t\u00fcrkoloji.com\/wp-content\/uploads\/2022\/12\/Screenshot-2022-12-30-at-16.47.30-1024x163.png 1024w, https:\/\/t\u00fcrkoloji.com\/wp-content\/uploads\/2022\/12\/Screenshot-2022-12-30-at-16.47.30-300x48.png 300w, https:\/\/t\u00fcrkoloji.com\/wp-content\/uploads\/2022\/12\/Screenshot-2022-12-30-at-16.47.30-768x122.png 768w, https:\/\/t\u00fcrkoloji.com\/wp-content\/uploads\/2022\/12\/Screenshot-2022-12-30-at-16.47.30-1536x244.png 1536w, https:\/\/t\u00fcrkoloji.com\/wp-content\/uploads\/2022\/12\/Screenshot-2022-12-30-at-16.47.30.png 1812w\" sizes=\"(max-width: 676px) 100vw, 676px\" \/><\/figure>\n\n\n\n<p class=\"has-medium-font-size\"><a href=\"https:\/\/www.youtube.com\/@marmaraturkoloji7270\" target=\"_blank\" rel=\"noreferrer noopener\">https:\/\/www.youtube.com\/@marmaraturkoloji7270<\/a><\/p>\n\n\n\n<hr class=\"wp-block-separator has-alpha-channel-opacity\"\/>\n\n\n\n<p class=\"has-medium-font-size\">Teke Akademi<\/p>\n\n\n\n<figure class=\"wp-block-image size-large is-resized\"><img loading=\"lazy\" decoding=\"async\" src=\"https:\/\/xn--trkoloji-65a.com\/wp-content\/uploads\/2023\/01\/Ekran-goruntusu-2023-01-09-122233-1-1024x168.png\" alt=\"\" class=\"wp-image-1780\" width=\"676\" height=\"119\"\/><\/figure>\n\n\n\n<p><a href=\"https:\/\/www.youtube.com\/channel\/UCaLEh1H6hrVC2pQG1ik2gaQ\" target=\"_blank\" rel=\"noreferrer noopener\">https:\/\/www.youtube.com\/channel\/UCaLEh1H6hrVC2pQG1ik2gaQ<\/a><\/p>\n\n\n\n<hr class=\"wp-block-separator has-alpha-channel-opacity\"\/>\n\n\n\n<p class=\"has-medium-font-size\">Teke Dergisi <\/p>\n\n\n\n<figure class=\"wp-block-image size-large is-resized\"><img loading=\"lazy\" decoding=\"async\" src=\"https:\/\/xn--trkoloji-65a.com\/wp-content\/uploads\/2022\/12\/Screenshot-2022-12-24-at-20.05.57-1024x309.png\" alt=\"\" class=\"wp-image-1291\" width=\"676\" height=\"214\"\/><\/figure>\n\n\n\n<p class=\"has-medium-font-size\"><a href=\"http:\/\/www.tekedergisi.com\/\" target=\"_blank\" rel=\"noreferrer noopener\">http:\/\/www.tekedergisi<\/a><a href=\"http:\/\/www.tekedergisi.com\/\" target=\"_blank\" rel=\"noopener\">.com\/<\/a><\/p>\n\n\n\n<hr class=\"wp-block-separator has-alpha-channel-opacity\"\/>\n\n\n\n<p class=\"has-medium-font-size\">Yeni Ele\u015ftiri<\/p>\n\n\n\n<figure class=\"wp-block-image size-large is-resized\"><img loading=\"lazy\" decoding=\"async\" src=\"https:\/\/xn--trkoloji-65a.com\/wp-content\/uploads\/2022\/12\/Screenshot-2022-12-30-at-16.50.25-1024x256.png\" alt=\"\" class=\"wp-image-1640\" width=\"676\" height=\"170\" srcset=\"https:\/\/t\u00fcrkoloji.com\/wp-content\/uploads\/2022\/12\/Screenshot-2022-12-30-at-16.50.25-1024x256.png 1024w, https:\/\/t\u00fcrkoloji.com\/wp-content\/uploads\/2022\/12\/Screenshot-2022-12-30-at-16.50.25-300x75.png 300w, https:\/\/t\u00fcrkoloji.com\/wp-content\/uploads\/2022\/12\/Screenshot-2022-12-30-at-16.50.25-768x192.png 768w, https:\/\/t\u00fcrkoloji.com\/wp-content\/uploads\/2022\/12\/Screenshot-2022-12-30-at-16.50.25-1536x384.png 1536w, https:\/\/t\u00fcrkoloji.com\/wp-content\/uploads\/2022\/12\/Screenshot-2022-12-30-at-16.50.25.png 1552w\" sizes=\"(max-width: 676px) 100vw, 676px\" \/><\/figure>\n\n\n\n<p class=\"has-medium-font-size\"><a href=\"http:\/\/yenielestiri.com\/\" target=\"_blank\" rel=\"noreferrer noopener\">http:\/\/yenielestiri.com\/<\/a><\/p>\n","protected":false},"excerpt":{"rendered":"<p>Anime Tarihi https:\/\/www.youtube.com\/@AnimeTarih\/videos Bezgek Dergisi https:\/\/bezgekdergisi.com\/SonSayi.Aspx Bu\u011fu Dergisi http:\/\/www.bugudergisi.com\/SonSayi.Aspx B\u00fclent Pakman https:\/\/bpakman.wordpress.com\/ B\u00fcrk\u00fct T\u00fcrk D\u00fcnyas\u0131 Dergisi https:\/\/www.burkutdergisi.com\/SonSayi.Aspx Dergi Park https:\/\/dergipark.org.tr\/tr\/pub\/balted World History Encyclopedia https:\/\/www.worldhistory.org\/trans\/tr\/1-265\/buyuk-iskender\/#nav Haluk Harun Duman https:\/\/www.youtube.com\/@halukharunduman2763\/videos Marmara T\u00fcrkoloji https:\/\/www.youtube.com\/@marmaraturkoloji7270 Teke Akademi https:\/\/www.youtube.com\/channel\/UCaLEh1H6hrVC2pQG1ik2gaQ Teke Dergisi http:\/\/www.tekedergisi.com\/ Yeni Ele\u015ftiri http:\/\/yenielestiri.com\/<\/p>\n","protected":false},"author":1,"featured_media":0,"parent":0,"menu_order":0,"comment_status":"closed","ping_status":"closed","template":"","meta":{"om_disable_all_campaigns":false,"_monsterinsights_skip_tracking":false,"_monsterinsights_sitenote_active":false,"_monsterinsights_sitenote_note":"","_monsterinsights_sitenote_category":0,"footnotes":""},"class_list":["post-851","page","type-page","status-publish","hentry"],"_links":{"self":[{"href":"https:\/\/t\u00fcrkoloji.com\/index.php?rest_route=\/wp\/v2\/pages\/851","targetHints":{"allow":["GET"]}}],"collection":[{"href":"https:\/\/t\u00fcrkoloji.com\/index.php?rest_route=\/wp\/v2\/pages"}],"about":[{"href":"https:\/\/t\u00fcrkoloji.com\/index.php?rest_route=\/wp\/v2\/types\/page"}],"author":[{"embeddable":true,"href":"https:\/\/t\u00fcrkoloji.com\/index.php?rest_route=\/wp\/v2\/users\/1"}],"replies":[{"embeddable":true,"href":"https:\/\/t\u00fcrkoloji.com\/index.php?rest_route=%2Fwp%2Fv2%2Fcomments&post=851"}],"version-history":[{"count":27,"href":"https:\/\/t\u00fcrkoloji.com\/index.php?rest_route=\/wp\/v2\/pages\/851\/revisions"}],"predecessor-version":[{"id":2312,"href":"https:\/\/t\u00fcrkoloji.com\/index.php?rest_route=\/wp\/v2\/pages\/851\/revisions\/2312"}],"wp:attachment":[{"href":"https:\/\/t\u00fcrkoloji.com\/index.php?rest_route=%2Fwp%2Fv2%2Fmedia&parent=851"}],"curies":[{"name":"wp","href":"https:\/\/api.w.org\/{rel}","templated":true}]}}